{"id":30,"date":"2025-01-12T16:41:40","date_gmt":"2025-01-12T16:41:40","guid":{"rendered":"https:\/\/www.zadsky.com\/?page_id=30"},"modified":"2025-03-28T18:22:16","modified_gmt":"2025-03-28T18:22:16","slug":"soluciones-logisticas-y-de-gestion-para-tus-necesidades-comerciales-a-nivel-internacional","status":"publish","type":"page","link":"https:\/\/www.zadsky.com\/","title":{"rendered":"\u00abSoluciones log\u00edsticas y de gesti\u00f3n para tus necesidades comerciales a nivel internacional.\u00bb"},"content":{"rendered":"\n<figure class=\"wp-block-image size-large\"><img loading=\"lazy\" decoding=\"async\" width=\"1024\" height=\"365\" src=\"https:\/\/www.zadsky.com\/wp-content\/uploads\/2025\/01\/logo-hor-trans-1024x365.png\" alt=\"\" class=\"wp-image-31\" srcset=\"https:\/\/www.zadsky.com\/wp-content\/uploads\/2025\/01\/logo-hor-trans-1024x365.png 1024w, https:\/\/www.zadsky.com\/wp-content\/uploads\/2025\/01\/logo-hor-trans-300x107.png 300w, https:\/\/www.zadsky.com\/wp-content\/uploads\/2025\/01\/logo-hor-trans-768x273.png 768w, https:\/\/www.zadsky.com\/wp-content\/uploads\/2025\/01\/logo-hor-trans-1536x547.png 1536w, https:\/\/www.zadsky.com\/wp-content\/uploads\/2025\/01\/logo-hor-trans-2048x729.png 2048w\" sizes=\"auto, (max-width: 1024px) 100vw, 1024px\" \/><\/figure>\n\n\n\n<p>\u00ab\u00bbEn ZAD SKY S.A.S., nos especializamos en la gesti\u00f3n y log\u00edstica de mercanc\u00edas a nivel internacional. Ya sea que necesites productos para el sector automotriz, industrial, alimenticio o de uso dom\u00e9stico, nosotros nos encargamos de buscar en el mercado global, cotizar y ofrecer la mejor soluci\u00f3n personalizada. Nuestros productos abarcan insumos, maquinaria o materias primas, adapt\u00e1ndonos a las necesidades espec\u00edficas de cada sector. Nos destacamos por nuestro expertise en env\u00edos a Cuba, donde contamos con una amplia variedad de productos ya cotizados, y estamos expandiendo nuestras operaciones para importaciones en Argentina.\u00bb<\/p>\n\n\n\n<p>\u00abNos encargamos de todo, desde la b\u00fasqueda del producto hasta la entrega final, garantizando tiempos \u00f3ptimos y costos competitivos.\u00bb<\/p>\n\n\n\n<p>\u00abOfrecemos opciones de env\u00edos a\u00e9reos y mar\u00edtimos, con servicios LCL y FCL. Tambi\u00e9n consolidamos cargas de diferentes proveedores seg\u00fan las necesidades de nuestros clientes.\u00bb<\/p>\n\n\n\n<p>\u00abIdentificamos proveedores confiables y negociamos las mejores condiciones para nuestros clientes.\u00bb<\/p>\n\n\n\n<p>\u00abCoordinamos todo el proceso log\u00edstico, desde la compra hasta la entrega.\u00bb<\/p>\n\n\n\n<p><\/p>\n","protected":false},"excerpt":{"rendered":"<p>\u00ab\u00bbEn ZAD SKY S.A.S., nos especializamos en la gesti\u00f3n y log\u00edstica de <a class=\"entry-read-more\" href=\"https:\/\/www.zadsky.com\/\">Leer m\u00e1s<\/a><\/p>\n","protected":false},"author":1,"featured_media":0,"parent":0,"menu_order":0,"comment_status":"closed","ping_status":"closed","template":"","meta":{"footnotes":""},"class_list":["post-30","page","type-page","status-publish","hentry"],"yoast_head":"<!-- This site is optimized with the Yoast SEO plugin v24.7 - https:\/\/yoast.com\/wordpress\/plugins\/seo\/ -->\n<title>LOGISTICA INTERNACIONAL<\/title>\n<meta name=\"robots\" content=\"index, follow, max-snippet:-1, max-image-preview:large, max-video-preview:-1\" \/>\n<link rel=\"canonical\" href=\"https:\/\/www.zadsky.com\/\" \/>\n<meta property=\"og:locale\" content=\"es_ES\" \/>\n<meta property=\"og:type\" content=\"article\" \/>\n<meta property=\"og:title\" content=\"LOGISTICA INTERNACIONAL\" \/>\n<meta property=\"og:description\" content=\"\u00ab\u00bbEn ZAD SKY S.A.S., nos especializamos en la gesti\u00f3n y log\u00edstica de Leer m\u00e1s\" \/>\n<meta property=\"og:url\" content=\"https:\/\/www.zadsky.com\/\" \/>\n<meta property=\"og:site_name\" content=\"ZAD-SKY S.A.S\" \/>\n<meta property=\"article:modified_time\" content=\"2025-03-28T18:22:16+00:00\" \/>\n<meta property=\"og:image\" content=\"https:\/\/www.zadsky.com\/wp-content\/uploads\/2025\/01\/logo-hor-trans.png\" \/>\n\t<meta property=\"og:image:width\" content=\"7559\" \/>\n\t<meta property=\"og:image:height\" content=\"2691\" \/>\n\t<meta property=\"og:image:type\" content=\"image\/png\" \/>\n<meta name=\"twitter:card\" content=\"summary_large_image\" \/>\n<meta name=\"twitter:label1\" content=\"Tiempo de lectura\" \/>\n\t<meta name=\"twitter:data1\" content=\"1 minuto\" \/>\n<script type=\"application\/ld+json\" class=\"yoast-schema-graph\">{\"@context\":\"https:\/\/schema.org\",\"@graph\":[{\"@type\":\"WebPage\",\"@id\":\"https:\/\/www.zadsky.com\/\",\"url\":\"https:\/\/www.zadsky.com\/\",\"name\":\"LOGISTICA INTERNACIONAL\",\"isPartOf\":{\"@id\":\"https:\/\/www.zadsky.com\/#website\"},\"primaryImageOfPage\":{\"@id\":\"https:\/\/www.zadsky.com\/#primaryimage\"},\"image\":{\"@id\":\"https:\/\/www.zadsky.com\/#primaryimage\"},\"thumbnailUrl\":\"https:\/\/www.zadsky.com\/wp-content\/uploads\/2025\/01\/logo-hor-trans-1024x365.png\",\"datePublished\":\"2025-01-12T16:41:40+00:00\",\"dateModified\":\"2025-03-28T18:22:16+00:00\",\"breadcrumb\":{\"@id\":\"https:\/\/www.zadsky.com\/#breadcrumb\"},\"inLanguage\":\"es\",\"potentialAction\":[{\"@type\":\"ReadAction\",\"target\":[\"https:\/\/www.zadsky.com\/\"]}]},{\"@type\":\"ImageObject\",\"inLanguage\":\"es\",\"@id\":\"https:\/\/www.zadsky.com\/#primaryimage\",\"url\":\"https:\/\/www.zadsky.com\/wp-content\/uploads\/2025\/01\/logo-hor-trans.png\",\"contentUrl\":\"https:\/\/www.zadsky.com\/wp-content\/uploads\/2025\/01\/logo-hor-trans.png\",\"width\":7559,\"height\":2691},{\"@type\":\"BreadcrumbList\",\"@id\":\"https:\/\/www.zadsky.com\/#breadcrumb\",\"itemListElement\":[{\"@type\":\"ListItem\",\"position\":1,\"name\":\"Portada\",\"item\":\"https:\/\/www.zadsky.com\/\"},{\"@type\":\"ListItem\",\"position\":2,\"name\":\"\u00abSoluciones log\u00edsticas y de gesti\u00f3n para tus necesidades comerciales a nivel internacional.\u00bb\"}]},{\"@type\":\"WebSite\",\"@id\":\"https:\/\/www.zadsky.com\/#website\",\"url\":\"https:\/\/www.zadsky.com\/\",\"name\":\"ZAD-SKY S.A.S\",\"description\":\"Log&iacute;stica Internacional\",\"potentialAction\":[{\"@type\":\"SearchAction\",\"target\":{\"@type\":\"EntryPoint\",\"urlTemplate\":\"https:\/\/www.zadsky.com\/?s={search_term_string}\"},\"query-input\":{\"@type\":\"PropertyValueSpecification\",\"valueRequired\":true,\"valueName\":\"search_term_string\"}}],\"inLanguage\":\"es\"}]}<\/script>\n<!-- \/ Yoast SEO plugin. -->","yoast_head_json":{"title":"LOGISTICA INTERNACIONAL","robots":{"index":"index","follow":"follow","max-snippet":"max-snippet:-1","max-image-preview":"max-image-preview:large","max-video-preview":"max-video-preview:-1"},"canonical":"https:\/\/www.zadsky.com\/","og_locale":"es_ES","og_type":"article","og_title":"LOGISTICA INTERNACIONAL","og_description":"\u00ab\u00bbEn ZAD SKY S.A.S., nos especializamos en la gesti\u00f3n y log\u00edstica de Leer m\u00e1s","og_url":"https:\/\/www.zadsky.com\/","og_site_name":"ZAD-SKY S.A.S","article_modified_time":"2025-03-28T18:22:16+00:00","og_image":[{"width":7559,"height":2691,"url":"https:\/\/www.zadsky.com\/wp-content\/uploads\/2025\/01\/logo-hor-trans.png","type":"image\/png"}],"twitter_card":"summary_large_image","twitter_misc":{"Tiempo de lectura":"1 minuto"},"schema":{"@context":"https:\/\/schema.org","@graph":[{"@type":"WebPage","@id":"https:\/\/www.zadsky.com\/","url":"https:\/\/www.zadsky.com\/","name":"LOGISTICA INTERNACIONAL","isPartOf":{"@id":"https:\/\/www.zadsky.com\/#website"},"primaryImageOfPage":{"@id":"https:\/\/www.zadsky.com\/#primaryimage"},"image":{"@id":"https:\/\/www.zadsky.com\/#primaryimage"},"thumbnailUrl":"https:\/\/www.zadsky.com\/wp-content\/uploads\/2025\/01\/logo-hor-trans-1024x365.png","datePublished":"2025-01-12T16:41:40+00:00","dateModified":"2025-03-28T18:22:16+00:00","breadcrumb":{"@id":"https:\/\/www.zadsky.com\/#breadcrumb"},"inLanguage":"es","potentialAction":[{"@type":"ReadAction","target":["https:\/\/www.zadsky.com\/"]}]},{"@type":"ImageObject","inLanguage":"es","@id":"https:\/\/www.zadsky.com\/#primaryimage","url":"https:\/\/www.zadsky.com\/wp-content\/uploads\/2025\/01\/logo-hor-trans.png","contentUrl":"https:\/\/www.zadsky.com\/wp-content\/uploads\/2025\/01\/logo-hor-trans.png","width":7559,"height":2691},{"@type":"BreadcrumbList","@id":"https:\/\/www.zadsky.com\/#breadcrumb","itemListElement":[{"@type":"ListItem","position":1,"name":"Portada","item":"https:\/\/www.zadsky.com\/"},{"@type":"ListItem","position":2,"name":"\u00abSoluciones log\u00edsticas y de gesti\u00f3n para tus necesidades comerciales a nivel internacional.\u00bb"}]},{"@type":"WebSite","@id":"https:\/\/www.zadsky.com\/#website","url":"https:\/\/www.zadsky.com\/","name":"ZAD-SKY S.A.S","description":"Log&iacute;stica Internacional","potentialAction":[{"@type":"SearchAction","target":{"@type":"EntryPoint","urlTemplate":"https:\/\/www.zadsky.com\/?s={search_term_string}"},"query-input":{"@type":"PropertyValueSpecification","valueRequired":true,"valueName":"search_term_string"}}],"inLanguage":"es"}]}},"_links":{"self":[{"href":"https:\/\/www.zadsky.com\/index.php\/wp-json\/wp\/v2\/pages\/30","targetHints":{"allow":["GET"]}}],"collection":[{"href":"https:\/\/www.zadsky.com\/index.php\/wp-json\/wp\/v2\/pages"}],"about":[{"href":"https:\/\/www.zadsky.com\/index.php\/wp-json\/wp\/v2\/types\/page"}],"author":[{"embeddable":true,"href":"https:\/\/www.zadsky.com\/index.php\/wp-json\/wp\/v2\/users\/1"}],"replies":[{"embeddable":true,"href":"https:\/\/www.zadsky.com\/index.php\/wp-json\/wp\/v2\/comments?post=30"}],"version-history":[{"count":2,"href":"https:\/\/www.zadsky.com\/index.php\/wp-json\/wp\/v2\/pages\/30\/revisions"}],"predecessor-version":[{"id":33,"href":"https:\/\/www.zadsky.com\/index.php\/wp-json\/wp\/v2\/pages\/30\/revisions\/33"}],"wp:attachment":[{"href":"https:\/\/www.zadsky.com\/index.php\/wp-json\/wp\/v2\/media?parent=30"}],"curies":[{"name":"wp","href":"https:\/\/api.w.org\/{rel}","templated":true}]}}